{"id":717,"date":"2026-02-03T10:50:21","date_gmt":"2026-02-03T10:50:21","guid":{"rendered":"https:\/\/mft-andorra.com\/informativa-sulla-privacy\/"},"modified":"2026-02-12T16:48:48","modified_gmt":"2026-02-12T16:48:48","slug":"informativa-sulla-privacy","status":"publish","type":"page","link":"https:\/\/mft-andorra.com\/it\/informativa-sulla-privacy\/","title":{"rendered":"Informativa sulla privacy"},"content":{"rendered":"\t\t<div data-elementor-type=\"wp-page\" data-elementor-id=\"717\" class=\"elementor elementor-717 elementor-3\" data-elementor-post-type=\"page\">\n\t\t\t\t<div class=\"elementor-element elementor-element-0496cda e-flex e-con-boxed e-con e-parent\" data-id=\"0496cda\" data-element_type=\"container\" data-e-type=\"container\" data-settings=\"{&quot;background_background&quot;:&quot;classic&quot;}\">\n\t\t\t\t\t<div class=\"e-con-inner\">\n\t\t\t\t<div class=\"elementor-element elementor-element-18a8afe elementor-widget elementor-widget-heading\" data-id=\"18a8afe\" data-element_type=\"widget\" data-e-type=\"widget\" data-widget_type=\"heading.default\">\n\t\t\t\t\t<h2 class=\"elementor-heading-title elementor-size-default\">Informativa sulla privacy\n<\/h2>\t\t\t\t<\/div>\n\t\t\t\t\t<\/div>\n\t\t\t\t<\/div>\n\t\t<div class=\"elementor-element elementor-element-a6f4696 e-flex e-con-boxed e-con e-parent\" data-id=\"a6f4696\" data-element_type=\"container\" data-e-type=\"container\">\n\t\t\t\t\t<div class=\"e-con-inner\">\n\t\t\t\t<div class=\"elementor-element elementor-element-1a04f64 elementor-widget elementor-widget-text-editor\" data-id=\"1a04f64\" data-element_type=\"widget\" data-e-type=\"widget\" data-widget_type=\"text-editor.default\">\n\t\t\t\t\t\t\t\t\t<p class=\"p1\"><b>1. Titolare del trattamento<br><\/b><b><\/b><\/p>\n<p class=\"p1\">Il titolare del trattamento \u00e8:<br><br>MFT ANDORRA LLC<br>Societ\u00e0 a responsabilit\u00e0 limitata registrata nello Stato del Wyoming, USA<br><br>Sede legale:<br>111 NE 1st St,<br>8th Floor, Suite 89198<br>Miami, FL 33132<br>Stati Uniti<br><br>Email: info@mft-andorra.com<\/p>\n<p class=\"p1\"><b><br>2. Dati raccolti<br><\/b><b><\/b><\/p>\n<p class=\"p1\">A seconda di come utilizzi questo sito web, potremmo raccogliere i seguenti dati:<br><br>a) Dati forniti volontariamente dall&#8217;utente:<br>&#8211; Informazioni sull&#8217;identit\u00e0 (nome, cognome)<br>&#8211; Ragione sociale e posizione professionale<br>&#8211; Indirizzo email e numero di telefono<br>&#8211; Contenuto di messaggi o richieste inviate tramite i moduli di contatto<br><br>b) Dati tecnici:<br>&#8211; Indirizzo IP<br>&#8211; Tipo di browser e sistema operativo<br>&#8211; Log tecnici e informazioni relative alla sicurezza<br><br>Non raccogliamo intenzionalmente dati personali sensibili.<\/p>\n<p class=\"p1\"><b><br>3. Finalit\u00e0 del trattamento dei dati<br><\/b><b><\/b><\/p>\n<p class=\"p1\">I dati personali raccolti attraverso questo sito web sono utilizzati esclusivamente per le seguenti finalit\u00e0:<br><br>&#8211; Rispondere a richieste di informazioni e di contatto<br>&#8211; Organizzare scambi riservati o incontri professionali<br>&#8211; Gestire e dare seguito alle comunicazioni professionali<br>&#8211; Garantire la sicurezza e il corretto funzionamento del sito web<br>&#8211; Migliorare la qualit\u00e0 e le prestazioni del sito web, ove applicabile<\/p>\n<p class=\"p1\"><b><br>4. Base giuridica del trattamento<br><\/b><b><\/b><\/p>\n<p class=\"p1\">Ove applicabile, i dati personali sono trattati in base alle seguenti basi giuridiche:<br><br>&#8211; Il consenso dell&#8217;utente<br>&#8211; Legittimo interesse (sicurezza, comunicazione aziendale, ottimizzazione del sito web)<br>&#8211; Misure precontrattuali adottate su richiesta dell&#8217;utente<\/p>\n<p class=\"p1\"><b><br>5. Destinatari dei dati e responsabili del trattamento<br><\/b><b><\/b><\/p>\n<p class=\"p1\">I dati personali possono essere consultati da:<br><br>&#8211; Personale autorizzato di MFT ANDORRA LLC<br>&#8211; Fornitori di servizi tecnici coinvolti nell&#8217;hosting del sito web, servizi email, registrazione del dominio o sicurezza<br><br>Questi fornitori di servizi agiscono solo su nostra istruzione e sono soggetti a obblighi di riservatezza.<\/p>\n<p class=\"p1\"><b><br>6. Trasferimenti internazionali di dati<br><\/b><b><\/b><\/p>\n<p class=\"p1\">Poich\u00e9 MFT ANDORRA LLC ha sede negli Stati Uniti, i dati personali possono essere trattati al di fuori dell&#8217;Unione Europea o dello Spazio Economico Europeo.<br><br>Quando richiesto, vengono implementate garanzie adeguate in conformit\u00e0 con le normative applicabili sulla protezione dei dati.<\/p>\n<p class=\"p1\"><b><br>7. Periodo di conservazione dei dati<br><\/b><b><\/b><\/p>\n<p class=\"p1\">I dati personali sono conservati solo per il tempo necessario a soddisfare le finalit\u00e0 per cui sono stati raccolti e in conformit\u00e0 con i requisiti legali applicabili.<br><br>I dati di contatto sono conservati per il tempo necessario a elaborare le richieste e possono essere archiviati per legittimi scopi aziendali.<\/p>\n<p class=\"p1\"><b><br>8. Sicurezza dei dati<br><\/b><b><\/b><\/p>\n<p class=\"p1\">MFT ANDORRA LLC implementa ragionevoli misure tecniche e organizzative per proteggere i dati personali da accessi non autorizzati, perdita, alterazione o divulgazione.<br><br>Tuttavia, nessun metodo di trasmissione via Internet \u00e8 completamente sicuro.<\/p>\n<p class=\"p1\"><b><br>9. Diritti dell&#8217;utente<br><\/b><b><\/b><\/p>\n<p class=\"p1\">Ove applicabile ai sensi delle leggi sulla protezione dei dati, gli utenti possono esercitare i seguenti diritti:<br><br>&#8211; Diritto di accesso<br>&#8211; Diritto di rettifica<br>&#8211; Diritto alla cancellazione<br>&#8211; Diritto di limitazione del trattamento<br>&#8211; Diritto di opposizione<br>&#8211; Diritto alla portabilit\u00e0 dei dati<br><br>Le richieste possono essere inviate a: info@mft-andorra.com<br><br>Potremmo richiedere una prova d&#8217;identit\u00e0 se necessario.<\/p>\n<p class=\"p1\"><b><br>10. Cookie<br><\/b><b><\/b><\/p>\n<p class=\"p1\">Questo sito web pu\u00f2 utilizzare cookie strettamente necessari per il suo corretto funzionamento e la sua sicurezza.<br><br>Nessun cookie pubblicitario o di tracciamento viene utilizzato senza il preventivo consenso dell&#8217;utente, ove richiesto.<\/p>\n<p class=\"p1\"><b><br>11. Aggiornamenti dell&#8217;informativa<br><\/b><b><\/b><\/p>\n<p class=\"p1\">Questa Informativa sulla privacy pu\u00f2 essere aggiornata per riflettere cambiamenti legali, normativi o tecnici. La versione pubblicata sul sito web prevarr\u00e0.<\/p>\n<p class=\"p1\"><b><br>12. Contatti<br><\/b><b><\/b><\/p>\n<p class=\"p1\">Per qualsiasi domanda riguardante questa Informativa sulla privacy o il trattamento dei dati personali, ti preghiamo di contattare:<br>info@mft-andorra.com<\/p>\t\t\t\t\t\t\t\t<\/div>\n\t\t\t\t\t<\/div>\n\t\t\t\t<\/div>\n\t\t\t\t<\/div>\n\t\t","protected":false},"excerpt":{"rendered":"<p>Informativa sulla privacy 1. Titolare del trattamento Il titolare del trattamento \u00e8: MFT ANDORRA LLCSociet\u00e0 a responsabilit\u00e0 limitata registrata nello Stato del Wyoming, USA Sede legale:111 NE 1st St,8th Floor, Suite 89198Miami, FL 33132Stati Uniti Email: info@mft-andorra.com 2. Dati raccolti A seconda di come utilizzi questo sito web, potremmo raccogliere i seguenti dati: a) Dati [&hellip;]<\/p>\n","protected":false},"author":1,"featured_media":0,"parent":0,"menu_order":0,"comment_status":"closed","ping_status":"open","template":"","meta":{"footnotes":""},"class_list":["post-717","page","type-page","status-publish","hentry"],"_links":{"self":[{"href":"https:\/\/mft-andorra.com\/it\/wp-json\/wp\/v2\/pages\/717","targetHints":{"allow":["GET"]}}],"collection":[{"href":"https:\/\/mft-andorra.com\/it\/wp-json\/wp\/v2\/pages"}],"about":[{"href":"https:\/\/mft-andorra.com\/it\/wp-json\/wp\/v2\/types\/page"}],"author":[{"embeddable":true,"href":"https:\/\/mft-andorra.com\/it\/wp-json\/wp\/v2\/users\/1"}],"replies":[{"embeddable":true,"href":"https:\/\/mft-andorra.com\/it\/wp-json\/wp\/v2\/comments?post=717"}],"version-history":[{"count":1,"href":"https:\/\/mft-andorra.com\/it\/wp-json\/wp\/v2\/pages\/717\/revisions"}],"predecessor-version":[{"id":718,"href":"https:\/\/mft-andorra.com\/it\/wp-json\/wp\/v2\/pages\/717\/revisions\/718"}],"wp:attachment":[{"href":"https:\/\/mft-andorra.com\/it\/wp-json\/wp\/v2\/media?parent=717"}],"curies":[{"name":"wp","href":"https:\/\/api.w.org\/{rel}","templated":true}]}}